{"id":2037,"date":"2023-11-13T13:52:45","date_gmt":"2023-11-13T12:52:45","guid":{"rendered":"https:\/\/www.hochzeitsplaner-brandenburg.berlin\/?post_type=product&#038;p=2037"},"modified":"2025-05-22T14:01:37","modified_gmt":"2025-05-22T12:01:37","slug":"stabkerzenstaender-steinoptik","status":"publish","type":"product","link":"https:\/\/www.hochzeitsplaner-brandenburg.berlin\/en\/produkt\/stabkerzenstaender-steinoptik\/","title":{"rendered":"Stabkerzenst\u00e4nder-Set &#8220;Steinoptik&#8221;"},"content":{"rendered":"<p>Drei Stabkerzenst\u00e4nder in unterschiedlichen Gr\u00f6\u00dfen in Steinoptik<\/p>\n<p>Farbe: Taupe<br \/>\nH\u00f6hen: 32 cm, 38 cm &amp; 45,5 cm<\/p>\n","protected":false},"excerpt":{"rendered":"<p>Besonderes 3er-Set Stabkerzenst\u00e4nder in Steinoptik<\/p>\n","protected":false},"featured_media":3938,"template":"","meta":[],"product_brand":[],"product_cat":[162],"product_tag":[37,38,40,39,41,100,46,47],"class_list":{"0":"post-2037","1":"product","2":"type-product","3":"status-publish","4":"has-post-thumbnail","6":"product_cat-kerzenstaender","7":"product_tag-deko","8":"product_tag-dekoration","9":"product_tag-kerze","10":"product_tag-kerzen","11":"product_tag-kerzenhalter","12":"product_tag-kerzenstaender","13":"product_tag-tischdeko","14":"product_tag-tischdekoration","16":"first","17":"instock","18":"taxable","19":"shipping-taxable","20":"purchasable","21":"product-type-simple"},"aioseo_notices":[],"_links":{"self":[{"href":"https:\/\/www.hochzeitsplaner-brandenburg.berlin\/en\/wp-json\/wp\/v2\/product\/2037","targetHints":{"allow":["GET"]}}],"collection":[{"href":"https:\/\/www.hochzeitsplaner-brandenburg.berlin\/en\/wp-json\/wp\/v2\/product"}],"about":[{"href":"https:\/\/www.hochzeitsplaner-brandenburg.berlin\/en\/wp-json\/wp\/v2\/types\/product"}],"wp:featuredmedia":[{"embeddable":true,"href":"https:\/\/www.hochzeitsplaner-brandenburg.berlin\/en\/wp-json\/wp\/v2\/media\/3938"}],"wp:attachment":[{"href":"https:\/\/www.hochzeitsplaner-brandenburg.berlin\/en\/wp-json\/wp\/v2\/media?parent=2037"}],"wp:term":[{"taxonomy":"product_brand","embeddable":true,"href":"https:\/\/www.hochzeitsplaner-brandenburg.berlin\/en\/wp-json\/wp\/v2\/product_brand?post=2037"},{"taxonomy":"product_cat","embeddable":true,"href":"https:\/\/www.hochzeitsplaner-brandenburg.berlin\/en\/wp-json\/wp\/v2\/product_cat?post=2037"},{"taxonomy":"product_tag","embeddable":true,"href":"https:\/\/www.hochzeitsplaner-brandenburg.berlin\/en\/wp-json\/wp\/v2\/product_tag?post=2037"}],"curies":[{"name":"wp","href":"https:\/\/api.w.org\/{rel}","templated":true}]}}