{"id":2042,"date":"2023-11-13T14:33:39","date_gmt":"2023-11-13T13:33:39","guid":{"rendered":"https:\/\/www.hochzeitsplaner-brandenburg.berlin\/?post_type=product&#038;p=2042"},"modified":"2025-06-05T11:39:31","modified_gmt":"2025-06-05T09:39:31","slug":"kerzenstaender-2er-set-glas","status":"publish","type":"product","link":"https:\/\/www.hochzeitsplaner-brandenburg.berlin\/en\/produkt\/kerzenstaender-2er-set-glas\/","title":{"rendered":"Glas-Kerzenst\u00e4nder \u201e2er-Set\u201c"},"content":{"rendered":"<p>Zwei gl\u00e4serne Kerzenst\u00e4nder im Set &#8211; geeignet f\u00fcr Block- und Stabkerzen<\/p>\n<p>Ma\u00dfe:\u00a0 \u00d8 8,5 cm; 8,5cm hoch (bei kleinem Halter), 14,5cm hoch (Bei gro\u00dfem Halter)<\/p>\n","protected":false},"excerpt":{"rendered":"<p>Kerzenst\u00e4nder f\u00fcr Blockkerzen &amp; Stabkerzen im 2er-Set<\/p>\n","protected":false},"featured_media":4047,"template":"","meta":[],"product_brand":[],"product_cat":[162],"product_tag":[37,38,40,39,41,100,46,47],"class_list":{"0":"post-2042","1":"product","2":"type-product","3":"status-publish","4":"has-post-thumbnail","6":"product_cat-kerzenstaender","7":"product_tag-deko","8":"product_tag-dekoration","9":"product_tag-kerze","10":"product_tag-kerzen","11":"product_tag-kerzenhalter","12":"product_tag-kerzenstaender","13":"product_tag-tischdeko","14":"product_tag-tischdekoration","16":"first","17":"instock","18":"taxable","19":"shipping-taxable","20":"purchasable","21":"product-type-simple"},"aioseo_notices":[],"_links":{"self":[{"href":"https:\/\/www.hochzeitsplaner-brandenburg.berlin\/en\/wp-json\/wp\/v2\/product\/2042","targetHints":{"allow":["GET"]}}],"collection":[{"href":"https:\/\/www.hochzeitsplaner-brandenburg.berlin\/en\/wp-json\/wp\/v2\/product"}],"about":[{"href":"https:\/\/www.hochzeitsplaner-brandenburg.berlin\/en\/wp-json\/wp\/v2\/types\/product"}],"wp:featuredmedia":[{"embeddable":true,"href":"https:\/\/www.hochzeitsplaner-brandenburg.berlin\/en\/wp-json\/wp\/v2\/media\/4047"}],"wp:attachment":[{"href":"https:\/\/www.hochzeitsplaner-brandenburg.berlin\/en\/wp-json\/wp\/v2\/media?parent=2042"}],"wp:term":[{"taxonomy":"product_brand","embeddable":true,"href":"https:\/\/www.hochzeitsplaner-brandenburg.berlin\/en\/wp-json\/wp\/v2\/product_brand?post=2042"},{"taxonomy":"product_cat","embeddable":true,"href":"https:\/\/www.hochzeitsplaner-brandenburg.berlin\/en\/wp-json\/wp\/v2\/product_cat?post=2042"},{"taxonomy":"product_tag","embeddable":true,"href":"https:\/\/www.hochzeitsplaner-brandenburg.berlin\/en\/wp-json\/wp\/v2\/product_tag?post=2042"}],"curies":[{"name":"wp","href":"https:\/\/api.w.org\/{rel}","templated":true}]}}