{"id":2312,"date":"2024-02-06T14:03:35","date_gmt":"2024-02-06T13:03:35","guid":{"rendered":"https:\/\/www.hochzeitsplaner-brandenburg.berlin\/?post_type=product&#038;p=2312"},"modified":"2025-07-08T15:16:07","modified_gmt":"2025-07-08T13:16:07","slug":"stuhlhusse-haengend-weiss","status":"publish","type":"product","link":"https:\/\/www.hochzeitsplaner-brandenburg.berlin\/en\/produkt\/stuhlhusse-haengend-weiss\/","title":{"rendered":"Stuhlhusse &#8220;H\u00e4ngend-Wei\u00df&#8221;"},"content":{"rendered":"","protected":false},"excerpt":{"rendered":"<p>Stuhlhussen, h\u00e4ngend &#8211; gewaschen<br \/>\nFarbe: wei\u00df<\/p>\n","protected":false},"featured_media":0,"template":"","meta":[],"product_brand":[],"product_cat":[114,28],"product_tag":[37,38,51,52,58,55,56,61,60],"class_list":{"0":"post-2312","1":"product","2":"type-product","3":"status-publish","5":"product_cat-hussen","6":"product_cat-textilien","7":"product_tag-deko","8":"product_tag-dekoration","9":"product_tag-husse","10":"product_tag-hussen","11":"product_tag-stuhl","12":"product_tag-stuhlhusse","13":"product_tag-stuhlhussen","14":"product_tag-textil","15":"product_tag-textilien","17":"first","18":"instock","19":"taxable","20":"shipping-taxable","21":"purchasable","22":"product-type-simple"},"aioseo_notices":[],"_links":{"self":[{"href":"https:\/\/www.hochzeitsplaner-brandenburg.berlin\/en\/wp-json\/wp\/v2\/product\/2312","targetHints":{"allow":["GET"]}}],"collection":[{"href":"https:\/\/www.hochzeitsplaner-brandenburg.berlin\/en\/wp-json\/wp\/v2\/product"}],"about":[{"href":"https:\/\/www.hochzeitsplaner-brandenburg.berlin\/en\/wp-json\/wp\/v2\/types\/product"}],"wp:attachment":[{"href":"https:\/\/www.hochzeitsplaner-brandenburg.berlin\/en\/wp-json\/wp\/v2\/media?parent=2312"}],"wp:term":[{"taxonomy":"product_brand","embeddable":true,"href":"https:\/\/www.hochzeitsplaner-brandenburg.berlin\/en\/wp-json\/wp\/v2\/product_brand?post=2312"},{"taxonomy":"product_cat","embeddable":true,"href":"https:\/\/www.hochzeitsplaner-brandenburg.berlin\/en\/wp-json\/wp\/v2\/product_cat?post=2312"},{"taxonomy":"product_tag","embeddable":true,"href":"https:\/\/www.hochzeitsplaner-brandenburg.berlin\/en\/wp-json\/wp\/v2\/product_tag?post=2312"}],"curies":[{"name":"wp","href":"https:\/\/api.w.org\/{rel}","templated":true}]}}