{"id":3587,"date":"2024-03-27T11:18:31","date_gmt":"2024-03-27T10:18:31","guid":{"rendered":"https:\/\/www.hochzeitsplaner-brandenburg.berlin\/?post_type=product&#038;p=3587"},"modified":"2025-05-22T15:03:10","modified_gmt":"2025-05-22T13:03:10","slug":"schokobrunnen-xl","status":"publish","type":"product","link":"https:\/\/www.hochzeitsplaner-brandenburg.berlin\/en\/produkt\/schokobrunnen-xl\/","title":{"rendered":"Schokobrunnen &#8220;XL&#8221;"},"content":{"rendered":"","protected":false},"excerpt":{"rendered":"<p>Ein Muss f\u00fcr alle Naschkatzen dieser Welt! Unser gro\u00dfer Schokobrunnen ist bei Events oder Veranstaltungen nicht nur ein Hingucker, sondern perfekt als Dessert-Erlebnis. Ein paar Sch\u00fcsseln mit Obst, Marshmallows o.\u00e4. mit Spie\u00dfen und schon kann der Spa\u00df f\u00fcr Gro\u00df und Klein beginnen.<br \/>\nohne Schokolade<br \/>\nH\u00f6he: ca. 100cm<\/p>\n[video width=\"480\" height=\"640\" mp4=\"https:\/\/www.hochzeitsplaner-brandenburg.berlin\/wp-content\/uploads\/2024\/03\/WhatsApp-Video-2024-03-27-at-11.16.37.mp4\"][\/video]\n","protected":false},"featured_media":3624,"template":"","meta":[],"product_brand":[],"product_cat":[153],"product_tag":[],"class_list":{"0":"post-3587","1":"product","2":"type-product","3":"status-publish","4":"has-post-thumbnail","6":"product_cat-candybar","8":"first","9":"instock","10":"taxable","11":"shipping-taxable","12":"purchasable","13":"product-type-simple"},"aioseo_notices":[],"_links":{"self":[{"href":"https:\/\/www.hochzeitsplaner-brandenburg.berlin\/en\/wp-json\/wp\/v2\/product\/3587","targetHints":{"allow":["GET"]}}],"collection":[{"href":"https:\/\/www.hochzeitsplaner-brandenburg.berlin\/en\/wp-json\/wp\/v2\/product"}],"about":[{"href":"https:\/\/www.hochzeitsplaner-brandenburg.berlin\/en\/wp-json\/wp\/v2\/types\/product"}],"wp:featuredmedia":[{"embeddable":true,"href":"https:\/\/www.hochzeitsplaner-brandenburg.berlin\/en\/wp-json\/wp\/v2\/media\/3624"}],"wp:attachment":[{"href":"https:\/\/www.hochzeitsplaner-brandenburg.berlin\/en\/wp-json\/wp\/v2\/media?parent=3587"}],"wp:term":[{"taxonomy":"product_brand","embeddable":true,"href":"https:\/\/www.hochzeitsplaner-brandenburg.berlin\/en\/wp-json\/wp\/v2\/product_brand?post=3587"},{"taxonomy":"product_cat","embeddable":true,"href":"https:\/\/www.hochzeitsplaner-brandenburg.berlin\/en\/wp-json\/wp\/v2\/product_cat?post=3587"},{"taxonomy":"product_tag","embeddable":true,"href":"https:\/\/www.hochzeitsplaner-brandenburg.berlin\/en\/wp-json\/wp\/v2\/product_tag?post=3587"}],"curies":[{"name":"wp","href":"https:\/\/api.w.org\/{rel}","templated":true}]}}