{"id":807,"date":"2020-05-26T09:42:09","date_gmt":"2020-05-26T07:42:09","guid":{"rendered":"https:\/\/www.hochzeitsplaner-brandenburg.berlin\/?post_type=product&#038;p=807"},"modified":"2025-09-22T14:36:58","modified_gmt":"2025-09-22T12:36:58","slug":"testprodukt","status":"publish","type":"product","link":"https:\/\/www.hochzeitsplaner-brandenburg.berlin\/en\/produkt\/testprodukt\/","title":{"rendered":"Holzleiter &#8220;Wei\u00df&#8221;"},"content":{"rendered":"","protected":false},"excerpt":{"rendered":"<p>Leiter aus Holz mit Regalb\u00f6den, mit sehr vielen Einsatzm\u00f6glichkeiten wie bspw. als Tischplan (dekorierte Glasflaschen auf denen der Tischplan geschrieben ist) oder doch der Klassiker: als Candy-Bar.<br \/>\nMa\u00dfe: 173 cm hoch, 46-171 cm breit, 45 cm tief<br \/>\nFarbe: wei\u00df<\/p>\n","protected":false},"featured_media":1636,"template":"","meta":[],"product_brand":[],"product_cat":[153,222,224],"product_tag":[37,38,98,99,96,97,48],"class_list":{"0":"post-807","1":"product","2":"type-product","3":"status-publish","4":"has-post-thumbnail","6":"product_cat-candybar","7":"product_cat-holz","8":"product_cat-raumdekoration","9":"product_tag-deko","10":"product_tag-dekoration","11":"product_tag-holzdeko","12":"product_tag-holzdekoration","13":"product_tag-raumdeko","14":"product_tag-raumdekoration","15":"product_tag-vintage","17":"first","18":"instock","19":"taxable","20":"shipping-taxable","21":"purchasable","22":"product-type-simple"},"aioseo_notices":[],"_links":{"self":[{"href":"https:\/\/www.hochzeitsplaner-brandenburg.berlin\/en\/wp-json\/wp\/v2\/product\/807","targetHints":{"allow":["GET"]}}],"collection":[{"href":"https:\/\/www.hochzeitsplaner-brandenburg.berlin\/en\/wp-json\/wp\/v2\/product"}],"about":[{"href":"https:\/\/www.hochzeitsplaner-brandenburg.berlin\/en\/wp-json\/wp\/v2\/types\/product"}],"wp:featuredmedia":[{"embeddable":true,"href":"https:\/\/www.hochzeitsplaner-brandenburg.berlin\/en\/wp-json\/wp\/v2\/media\/1636"}],"wp:attachment":[{"href":"https:\/\/www.hochzeitsplaner-brandenburg.berlin\/en\/wp-json\/wp\/v2\/media?parent=807"}],"wp:term":[{"taxonomy":"product_brand","embeddable":true,"href":"https:\/\/www.hochzeitsplaner-brandenburg.berlin\/en\/wp-json\/wp\/v2\/product_brand?post=807"},{"taxonomy":"product_cat","embeddable":true,"href":"https:\/\/www.hochzeitsplaner-brandenburg.berlin\/en\/wp-json\/wp\/v2\/product_cat?post=807"},{"taxonomy":"product_tag","embeddable":true,"href":"https:\/\/www.hochzeitsplaner-brandenburg.berlin\/en\/wp-json\/wp\/v2\/product_tag?post=807"}],"curies":[{"name":"wp","href":"https:\/\/api.w.org\/{rel}","templated":true}]}}