{"id":959,"date":"2020-12-23T12:16:13","date_gmt":"2020-12-23T11:16:13","guid":{"rendered":"https:\/\/www.hochzeitsplaner-brandenburg.berlin\/?post_type=product&#038;p=959"},"modified":"2026-03-13T16:49:19","modified_gmt":"2026-03-13T15:49:19","slug":"vase-gold-gross","status":"publish","type":"product","link":"https:\/\/www.hochzeitsplaner-brandenburg.berlin\/en\/produkt\/vase-gold-gross\/","title":{"rendered":"Vase 2er-Set &#8220;Gold&#8221;"},"content":{"rendered":"<p>2 Vasen in verschiedenen H\u00f6hen (1x 15cm &amp; 1x 9cm und \u00d6ffnung \u00d8 7cm )<br \/>\nFarbe: gold<\/p>\n","protected":false},"excerpt":{"rendered":"<p>Vase aus Metall<br \/>\nFarbe: gold<\/p>\n","protected":false},"featured_media":1615,"template":"","meta":[],"product_brand":[],"product_cat":[225],"product_tag":[95,84,37,38,109,46,47,103,104],"class_list":{"0":"post-959","1":"product","2":"type-product","3":"status-publish","4":"has-post-thumbnail","6":"product_cat-vasen","7":"product_tag-blumendeko","8":"product_tag-blumendekoration","9":"product_tag-deko","10":"product_tag-dekoration","11":"product_tag-gold","12":"product_tag-tischdeko","13":"product_tag-tischdekoration","14":"product_tag-vase","15":"product_tag-vasen","17":"first","18":"instock","19":"taxable","20":"shipping-taxable","21":"purchasable","22":"product-type-simple"},"aioseo_notices":[],"_links":{"self":[{"href":"https:\/\/www.hochzeitsplaner-brandenburg.berlin\/en\/wp-json\/wp\/v2\/product\/959","targetHints":{"allow":["GET"]}}],"collection":[{"href":"https:\/\/www.hochzeitsplaner-brandenburg.berlin\/en\/wp-json\/wp\/v2\/product"}],"about":[{"href":"https:\/\/www.hochzeitsplaner-brandenburg.berlin\/en\/wp-json\/wp\/v2\/types\/product"}],"wp:featuredmedia":[{"embeddable":true,"href":"https:\/\/www.hochzeitsplaner-brandenburg.berlin\/en\/wp-json\/wp\/v2\/media\/1615"}],"wp:attachment":[{"href":"https:\/\/www.hochzeitsplaner-brandenburg.berlin\/en\/wp-json\/wp\/v2\/media?parent=959"}],"wp:term":[{"taxonomy":"product_brand","embeddable":true,"href":"https:\/\/www.hochzeitsplaner-brandenburg.berlin\/en\/wp-json\/wp\/v2\/product_brand?post=959"},{"taxonomy":"product_cat","embeddable":true,"href":"https:\/\/www.hochzeitsplaner-brandenburg.berlin\/en\/wp-json\/wp\/v2\/product_cat?post=959"},{"taxonomy":"product_tag","embeddable":true,"href":"https:\/\/www.hochzeitsplaner-brandenburg.berlin\/en\/wp-json\/wp\/v2\/product_tag?post=959"}],"curies":[{"name":"wp","href":"https:\/\/api.w.org\/{rel}","templated":true}]}}