{"id":3718,"date":"2021-01-15T19:33:28","date_gmt":"2021-01-15T18:33:28","guid":{"rendered":"https:\/\/www.hochzeitsplaner-brandenburg.berlin\/su-di-me\/"},"modified":"2021-01-15T19:33:28","modified_gmt":"2021-01-15T18:33:28","slug":"su-di-me","status":"publish","type":"page","link":"https:\/\/www.hochzeitsplaner-brandenburg.berlin\/it\/su-di-me\/","title":{"rendered":"Su di me"},"content":{"rendered":"<div id=\"pl-3718\"  class=\"panel-layout\" ><div id=\"pg-3718-0\"  class=\"panel-grid panel-no-style\" ><div id=\"pgc-3718-0-0\"  class=\"panel-grid-cell\" ><div id=\"panel-3718-0-0-0\" class=\"so-panel widget widget_text panel-first-child panel-last-child\" data-index=\"0\" >\t\t\t<div class=\"textwidget\"><p>Non \u00e8 cos\u00ec facile scrivere di te stesso&#8230;<\/p>\n<p><img loading=\"lazy\" decoding=\"async\" class=\"alignright wp-image-1796 size-medium\" style=\"width: 100%; max-width: 400px;\" src=\"https:\/\/www.hochzeitsplaner-brandenburg.berlin\/wp-content\/uploads\/2023\/07\/Dani-Profilbild1-300x300.jpg\" alt=\"\" width=\"300\" height=\"300\" srcset=\"https:\/\/www.hochzeitsplaner-brandenburg.berlin\/wp-content\/uploads\/2023\/07\/Dani-Profilbild1-300x300.jpg 300w, https:\/\/www.hochzeitsplaner-brandenburg.berlin\/wp-content\/uploads\/2023\/07\/Dani-Profilbild1-scaled-450x450.jpg 450w, https:\/\/www.hochzeitsplaner-brandenburg.berlin\/wp-content\/uploads\/2023\/07\/Dani-Profilbild1-scaled-100x100.jpg 100w, https:\/\/www.hochzeitsplaner-brandenburg.berlin\/wp-content\/uploads\/2023\/07\/Dani-Profilbild1-scaled-600x600.jpg 600w, https:\/\/www.hochzeitsplaner-brandenburg.berlin\/wp-content\/uploads\/2023\/07\/Dani-Profilbild1-1024x1024.jpg 1024w, https:\/\/www.hochzeitsplaner-brandenburg.berlin\/wp-content\/uploads\/2023\/07\/Dani-Profilbild1-150x150.jpg 150w, https:\/\/www.hochzeitsplaner-brandenburg.berlin\/wp-content\/uploads\/2023\/07\/Dani-Profilbild1-768x768.jpg 768w, https:\/\/www.hochzeitsplaner-brandenburg.berlin\/wp-content\/uploads\/2023\/07\/Dani-Profilbild1-1536x1536.jpg 1536w, https:\/\/www.hochzeitsplaner-brandenburg.berlin\/wp-content\/uploads\/2023\/07\/Dani-Profilbild1-2048x2048.jpg 2048w, https:\/\/www.hochzeitsplaner-brandenburg.berlin\/wp-content\/uploads\/2023\/07\/Dani-Profilbild1-1200x1200.jpg 1200w, https:\/\/www.hochzeitsplaner-brandenburg.berlin\/wp-content\/uploads\/2023\/07\/Dani-Profilbild1-1980x1980.jpg 1980w\" sizes=\"auto, (max-width: 300px) 100vw, 300px\" \/>Perch\u00e9 hai scelto questa professione e come ti \u00e8 venuta questa idea? Queste sono probabilmente le domande che mi vengono poste pi\u00f9 spesso! Far\u00f2 un tentativo&#8230;<\/p>\n<p>Prima di tutto, devi essere un romantico &#8211; s\u00ec, lo sono! Amo l&#8217;armonia, i film a lieto fine e sono un&#8217;eterna ottimista. La mia famiglia, mio marito, i nostri figli e gli amici che sono diventati una famiglia sono tutto per me. Ho seguito un percorso professionale diverso per molti anni e sono fortunata a dire che per 20 anni \u00e8 stato un lavoro che ho amato e che mi ha plasmato e messo alla prova e mi ha preparato per quello che faccio oggi e per quello che (dovresti) sapere quando decidi di avviare un&#8217;attivit\u00e0 in proprio. Durante questo periodo ho conosciuto delle persone meravigliose con cui sono ancora in contatto.<\/p>\n<p>Ho frequentato il liceo, ma siccome ero e sono una persona pragmatica, dopo la scuola ho deciso di fare la commessa. Sono rimasto fedele all&#8217;industria della profumeria e della cosmesi per tutti questi anni, ma le vendite da sole non mi bastavano, quindi dovevo essere io a scegliere l&#8217;industria e dovevo continuare ad andare verso l&#8217;alto. La mia visione e il mio duro lavoro mi hanno fatto guadagnare la posizione di Direttore Vendite in Germania per una divisione del Gruppo Loreal. Nel 2016, per\u00f2, ho capito sempre di pi\u00f9 che era arrivato il momento di essere pi\u00f9 presente per la mia famiglia. Mio marito lavora con successo nel settore degli eventi dal 1996 e quindi \u00e8 successo quello che doveva succedere: non ero pi\u00f9 solo &#8220;al fianco&#8221; di lui e dei rispettivi progetti, ma erano i &#8220;miei&#8221; progetti. L&#8217;organizzazione e la pianificazione di vari eventi e matrimoni erano all&#8217;ordine del giorno.<\/p>\n<p>Mi occupo di matrimoni da molto tempo perch\u00e9, grazie alla mia qualifica aggiuntiva di make-up artist, spesso avevo le spose davanti al pennello ed ero presente in diretta quando si trattava del grande giorno. Cos\u00ec una cosa tira l&#8217;altra e il momento decisivo \u00e8 stato probabilmente la sposa e lo sposo che stavano festeggiando nel nostro pub irlandese e di cui ho organizzato e accompagnato gli eventi, che mi sono chiesta perch\u00e9 non avrei dovuto farlo professionalmente. &#8220;Mai due lavoratori autonomi nello stesso settore in una famiglia&#8221;, dicevo sempre a mio marito, eppure alla fine del 2016 ho lasciato la mia amata attivit\u00e0 di cosmetica e ho intrapreso un viaggio di riorientamento.<\/p>\n<p>Ogni giorno in cui posso fare qualcosa che mi tocca il cuore, in cui posso rendere felici altre persone, in cui posso tornare a casa la sera ed essere piena di idee, ogni giorno in cui posso guardare volti felici, sostenere sposi, conoscere persone meravigliose e diventare parte della loro storia, ogni giorno in cui posso essere creativa, spontanea e piena di voglia di fare \u00e8 un buon giorno. Sono molto consapevole della responsabilit\u00e0 che mi sto assumendo per questo giorno, ma questa consapevolezza mi ispira e mi spinge a fare del mio meglio e a non lasciare nulla di intentato per realizzare i desideri.<\/p>\n<\/div>\n\t\t<\/div><\/div><\/div><div id=\"pg-3718-1\"  class=\"panel-grid panel-has-style\" ><div class=\"siteorigin-panels-stretch panel-row-style panel-row-style-for-3718-1\" data-stretch-type=\"full-stretched-padded\" ><div id=\"pgc-3718-1-0\"  class=\"panel-grid-cell\" ><div id=\"panel-3718-1-0-0\" class=\"so-panel widget widget_sow-cta panel-first-child panel-last-child\" data-index=\"1\" ><div class=\"panel-widget-style panel-widget-style-for-3718-1-0-0\" ><div\n\t\t\t\n\t\t\tclass=\"so-widget-sow-cta so-widget-sow-cta-default-52f10259bd32-3718\"\n\t\t\t\n\t\t><div\n\tclass=\"sow-cta-base\"\n\t>\n\t\n\t<div class=\"sow-cta-wrapper\">\n\n\t\t<div class=\"sow-cta-text\">\n\t\t\t\t\t\t\t<h4 class=\"sow-cta-title\">\n\t\t\t\t\tConsulenza iniziale gratuita e non vincolante\t\t\t\t<\/h4>\n\t\t\t\n\t\t\t\t\t\t\t<h4 class=\"sow-cta-subtitle\">\n\t\t\t\t\tIn qualit\u00e0 di wedding planner a Berlino, Potsdam, Brandeburgo e in tutta Europa, siamo sempre felici di rispondere alle tue domande e di realizzare personalmente i tuoi desideri. Non vediamo l'ora di vederti!\t\t\t\t<\/h4>\n\t\t\t\t\t<\/div>\n\n\t\t<div\n\t\t\t\n\t\t\tclass=\"so-widget-sow-button so-widget-sow-button-flat-35742fb5e66b\"\n\t\t\t\n\t\t><div class=\"ow-button-base ow-button-align-center\"\n>\n\t\t\t<a\n\t\t\t\t\thref=\"https:\/\/www.hochzeitsplaner-brandenburg.berlin\/kontakt\/\"\n\t\t\t\t\tclass=\"sowb-button ow-icon-placement-left ow-button-hover\" \t>\n\t\t<span>\n\t\t\t\n\t\t\tRichiedi subito una consulenza iniziale gratuita e non vincolante\t\t<\/span>\n\t\t\t<\/a>\n\t<\/div>\n<\/div>\n\t<\/div>\n\n\t<\/div>\n<\/div><\/div><\/div><\/div><\/div><\/div><\/div>","protected":false},"excerpt":{"rendered":"<p>Non \u00e8 cos\u00ec facile scrivere di te stesso&#8230; Perch\u00e9 hai scelto questa professione e come ti \u00e8 venuta questa idea? Queste sono probabilmente le domande che mi vengono poste pi\u00f9 spesso! Far\u00f2 un tentativo&#8230; Prima di tutto, devi essere un romantico &#8211; s\u00ec, lo sono! Amo l&#8217;armonia, i film a lieto fine e sono un&#8217;eterna&hellip;<\/p>\n","protected":false},"author":1,"featured_media":0,"parent":0,"menu_order":0,"comment_status":"closed","ping_status":"closed","template":"templates\/template-full-width.php","meta":{"footnotes":""},"class_list":["post-3718","page","type-page","status-publish","hentry"],"aioseo_notices":[],"_links":{"self":[{"href":"https:\/\/www.hochzeitsplaner-brandenburg.berlin\/it\/wp-json\/wp\/v2\/pages\/3718","targetHints":{"allow":["GET"]}}],"collection":[{"href":"https:\/\/www.hochzeitsplaner-brandenburg.berlin\/it\/wp-json\/wp\/v2\/pages"}],"about":[{"href":"https:\/\/www.hochzeitsplaner-brandenburg.berlin\/it\/wp-json\/wp\/v2\/types\/page"}],"author":[{"embeddable":true,"href":"https:\/\/www.hochzeitsplaner-brandenburg.berlin\/it\/wp-json\/wp\/v2\/users\/1"}],"replies":[{"embeddable":true,"href":"https:\/\/www.hochzeitsplaner-brandenburg.berlin\/it\/wp-json\/wp\/v2\/comments?post=3718"}],"version-history":[{"count":0,"href":"https:\/\/www.hochzeitsplaner-brandenburg.berlin\/it\/wp-json\/wp\/v2\/pages\/3718\/revisions"}],"wp:attachment":[{"href":"https:\/\/www.hochzeitsplaner-brandenburg.berlin\/it\/wp-json\/wp\/v2\/media?parent=3718"}],"curies":[{"name":"wp","href":"https:\/\/api.w.org\/{rel}","templated":true}]}}