{"id":3760,"date":"2020-02-13T11:23:26","date_gmt":"2020-02-13T10:23:26","guid":{"rendered":"https:\/\/www.hochzeitsplaner-brandenburg.berlin\/pianificazione-del-matrimonio-cosa-possiamo-fare-per-te\/"},"modified":"2024-05-31T11:53:00","modified_gmt":"2024-05-31T09:53:00","slug":"pianificazione-del-matrimonio-cosa-possiamo-fare-per-te","status":"publish","type":"page","link":"https:\/\/www.hochzeitsplaner-brandenburg.berlin\/it\/pianificazione-del-matrimonio-cosa-possiamo-fare-per-te\/","title":{"rendered":"Pianificazione del matrimonio &#8211; Cosa possiamo fare per te?"},"content":{"rendered":"<div id=\"pl-3760\"  class=\"panel-layout\" ><div id=\"pg-3760-0\"  class=\"panel-grid panel-has-style\" ><div class=\"siteorigin-panels-stretch panel-row-style panel-row-style-for-3760-0\" data-stretch-type=\"full-width-stretch\" ><div id=\"pgc-3760-0-0\"  class=\"panel-grid-cell\" ><div id=\"panel-3760-0-0-0\" class=\"so-panel widget widget_text panel-first-child panel-last-child\" data-index=\"0\" ><div class=\"panel-widget-style panel-widget-style-for-3760-0-0-0\" >\t\t\t<div class=\"textwidget\"><p>&nbsp;<\/p>\n<p>Dalla pianificazione parziale a quella completa, ti offriamo un servizio completo per il tuo giorno speciale. In questo modo la tua mente si liberer\u00e0 per cose pi\u00f9 importanti. Di seguito troverai una panoramica dei nostri servizi. Se ti manca qualcosa o hai richieste particolari, scrivici.<\/p>\n<\/div>\n\t\t<\/div><\/div><\/div><\/div><\/div><div id=\"pg-3760-1\"  class=\"panel-grid panel-has-style\" ><div class=\"siteorigin-panels-stretch panel-row-style panel-row-style-for-3760-1\" data-stretch-type=\"full-width-stretch\" ><div id=\"pgc-3760-1-0\"  class=\"panel-grid-cell\" ><div id=\"panel-3760-1-0-0\" class=\"so-panel widget widget_lsow-heading panel-first-child\" data-index=\"1\" ><div class=\"panel-widget-style panel-widget-style-for-3760-1-0-0\" ><div\n\t\t\t\n\t\t\tclass=\"so-widget-lsow-heading so-widget-lsow-heading-default-c5296dd96cc2-3760\"\n\t\t\t\n\t\t><div class=\"lsow-heading lsow-style3 lsow-aligncenter \" ><h3 class=\"lsow-title\">I nostri servizi in breve<\/h3><\/div><!-- .lsow-heading --><\/div><\/div><\/div><div id=\"panel-3760-1-0-1\" class=\"so-panel widget widget_lsow-services panel-last-child\" data-index=\"2\" ><div class=\"panel-widget-style panel-widget-style-for-3760-1-0-1\" ><div\n\t\t\t\n\t\t\tclass=\"so-widget-lsow-services so-widget-lsow-services-default-ec39452c948a-3760\"\n\t\t\t\n\t\t><div id=\"lsow-services-1\" class=\"lsow-services lsow-style1 lsow-grid-container  lsow-grid-desktop-3 lsow-grid-tablet-2 lsow-grid-mobile-1\"><div class=\"lsow-grid-item lsow-service-wrapper\"><div class=\"lsow-service \" ><div class=\"lsow-icon-wrapper\"><span class=\"sow-icon-fontawesome sow-fas\" data-sow-icon=\"&#xf200;\"\n\t\t \n\t\taria-hidden=\"true\"><\/span><\/div><div class=\"lsow-service-text\"><h3 class=\"lsow-title\">Pianificazione completa<\/h3><div class=\"lsow-service-details\">Godetevi al massimo le settimane di attesa e il giorno stesso del matrimonio, perch\u00e9 noi ci occuperemo di TUTTO.<\/div><\/div><!-- .lsow-service-text --><\/div><!-- .lsow-service --><\/div><!-- .lsow-service-wrapper --><div class=\"lsow-grid-item lsow-service-wrapper\"><div class=\"lsow-service \" ><div class=\"lsow-icon-wrapper\"><span class=\"sow-icon-fontawesome sow-fas\" data-sow-icon=\"&#xf7ef;\"\n\t\t \n\t\taria-hidden=\"true\"><\/span><\/div><div class=\"lsow-service-text\"><h3 class=\"lsow-title\">Pianificazione parziale<\/h3><div class=\"lsow-service-details\">Formiamo un grande insieme partendo dai vostri elementi costitutivi gi\u00e0 pianificati.<\/div><\/div><!-- .lsow-service-text --><\/div><!-- .lsow-service --><\/div><!-- .lsow-service-wrapper --><div class=\"lsow-grid-item lsow-service-wrapper\"><div class=\"lsow-service \" ><div class=\"lsow-icon-wrapper\"><span class=\"sow-icon-fontawesome sow-fas\" data-sow-icon=\"&#xf43f;\"\n\t\t \n\t\taria-hidden=\"true\"><\/span><\/div><div class=\"lsow-service-text\"><h3 class=\"lsow-title\">Maestro di cerimonia<\/h3><div class=\"lsow-service-details\">I preparativi sono terminati e vorresti goderti il \u200b\u200bgiorno del tuo matrimonio senza stress? Garantiamo processi senza problemi.<\/div><\/div><!-- .lsow-service-text --><\/div><!-- .lsow-service --><\/div><!-- .lsow-service-wrapper --><div class=\"lsow-grid-item lsow-service-wrapper\"><div class=\"lsow-service \" ><div class=\"lsow-icon-wrapper\"><span class=\"sow-icon-fontawesome sow-fas\" data-sow-icon=\"&#xf126;\"\n\t\t \n\t\taria-hidden=\"true\"><\/span><\/div><div class=\"lsow-service-text\"><h3 class=\"lsow-title\">Intermediari di servizi<\/h3><div class=\"lsow-service-details\">Ti manca un catering, un DJ o un fotografo? Abbiamo partner ottimi e affidabili con condizioni speciali per i nostri sposi.<\/div><\/div><!-- .lsow-service-text --><\/div><!-- .lsow-service --><\/div><!-- .lsow-service-wrapper --><div class=\"lsow-grid-item lsow-service-wrapper\"><div class=\"lsow-service \" ><div class=\"lsow-icon-wrapper\"><span class=\"sow-icon-fontawesome sow-fas\" data-sow-icon=\"&#xf5a0;\"\n\t\t \n\t\taria-hidden=\"true\"><\/span><\/div><div class=\"lsow-service-text\"><h3 class=\"lsow-title\">Ricerca della posizione<\/h3><div class=\"lsow-service-details\">La scelta \u00e8 ampia, la decisione \u00e8 snervante, dispendiosa in termini di tempo e forse pi\u00f9 costosa di quanto inizialmente previsto. Manteniamo una visione d'insieme e lavoriamo con voi per trovare la sede perfetta.<\/div><\/div><!-- .lsow-service-text --><\/div><!-- .lsow-service --><\/div><!-- .lsow-service-wrapper --><div class=\"lsow-grid-item lsow-service-wrapper\"><div class=\"lsow-service \" ><div class=\"lsow-icon-wrapper\"><span class=\"sow-icon-fontawesome sow-fas\" data-sow-icon=\"&#xf7aa;\"\n\t\t \n\t\taria-hidden=\"true\"><\/span><\/div><div class=\"lsow-service-text\"><h3 class=\"lsow-title\">Dekorationsservice<\/h3><div class=\"lsow-service-details\">Servizio di decorazione<\/div><\/div><!-- .lsow-service-text --><\/div><!-- .lsow-service --><\/div><!-- .lsow-service-wrapper --><div class=\"lsow-grid-item lsow-service-wrapper\"><div class=\"lsow-service \" ><div class=\"lsow-icon-wrapper\"><span class=\"sow-icon-fontawesome sow-fas\" data-sow-icon=\"&#xf2a3;\"\n\t\t \n\t\taria-hidden=\"true\"><\/span><\/div><div class=\"lsow-service-text\"><h3 class=\"lsow-title\">specialit\u00e0<\/h3><div class=\"lsow-service-details\">Elaboriamo noi stessi tutti i fiori e creiamo la tua home page personalizzata.<\/div><\/div><!-- .lsow-service-text --><\/div><!-- .lsow-service --><\/div><!-- .lsow-service-wrapper --><div class=\"lsow-grid-item lsow-service-wrapper\"><div class=\"lsow-service \" ><div class=\"lsow-icon-wrapper\"><span class=\"sow-icon-fontawesome sow-fas\" data-sow-icon=\"&#xf017;\"\n\t\t \n\t\taria-hidden=\"true\"><\/span><\/div><div class=\"lsow-service-text\"><h3 class=\"lsow-title\">Servizio di emergenza<\/h3><div class=\"lsow-service-details\">Aiutiamo (anche con breve preavviso) con ostacoli e sorprese.<\/div><\/div><!-- .lsow-service-text --><\/div><!-- .lsow-service --><\/div><!-- .lsow-service-wrapper --><div class=\"lsow-grid-item lsow-service-wrapper\"><div class=\"lsow-service \" ><div class=\"lsow-icon-wrapper\"><span class=\"sow-icon-fontawesome sow-fas\" data-sow-icon=\"&#xf4ad;\"\n\t\t \n\t\taria-hidden=\"true\"><\/span><\/div><div class=\"lsow-service-text\"><h3 class=\"lsow-title\">Corso intensivo<\/h3><div class=\"lsow-service-details\">Ti piace tenere le redini da solo? Ti diremo quali ti servono...<\/div><\/div><!-- .lsow-service-text --><\/div><!-- .lsow-service --><\/div><!-- .lsow-service-wrapper --><\/div><!-- .lsow-services --><div class=\"lsow-clear\"><\/div><\/div><\/div><\/div><\/div><\/div><\/div><div id=\"pg-3760-2\"  class=\"panel-grid panel-has-style\" ><div class=\"siteorigin-panels-stretch panel-row-style panel-row-style-for-3760-2\" data-stretch-type=\"full-width-stretch\" ><div id=\"pgc-3760-2-0\"  class=\"panel-grid-cell\" ><div id=\"panel-3760-2-0-0\" class=\"so-panel widget widget_lsow-heading panel-first-child\" data-index=\"3\" ><div class=\"panel-widget-style panel-widget-style-for-3760-2-0-0\" ><div\n\t\t\t\n\t\t\tclass=\"so-widget-lsow-heading so-widget-lsow-heading-default-c5296dd96cc2-3760\"\n\t\t\t\n\t\t><div class=\"lsow-heading lsow-style3 lsow-aligncenter  lsow-animate-on-scroll lsow-visible-on-scroll\"  data-animation=&quot;fadeIn&quot;><h3 class=\"lsow-title\">I vostri wedding planner in azione...<\/h3><\/div><!-- .lsow-heading --><\/div><\/div><\/div><div id=\"panel-3760-2-0-1\" class=\"so-panel widget widget_sow-video panel-last-child\" data-index=\"4\" ><div class=\"panel-widget-style panel-widget-style-for-3760-2-0-1\" ><div\n\t\t\t\n\t\t\tclass=\"so-widget-sow-video so-widget-sow-video-default-f379b959fc93-3760\"\n\t\t\t\n\t\t>\n<div class=\"sow-video-wrapper\n\">\n\t\t\t<video\n\t\t\tid=\"sow-player-1\" class=\"sow-video-widget\" preload=\"auto\" style=\"width:100%;height:100%;\" autoplay playsinline muted=\"1\" loop=\"true\" poster=\"https:\/\/www.hochzeitsplaner-brandenburg.berlin\/wp-content\/uploads\/2023\/11\/WhatsApp-Video-2023-11-08-at-10.18.09.mp4\" controls \t\t>\n\t\t\t\t\t\t\t<source type=\"video\/mp4\" src=\"https:\/\/www.hochzeitsplaner-brandenburg.berlin\/wp-content\/uploads\/2023\/11\/WhatsApp-Video-2023-11-08-at-10.18.09.mp4\"\/>\n\t\t\t\t\t<\/video>\n\t<\/div>\n<\/div><\/div><\/div><\/div><\/div><\/div><div id=\"pg-3760-3\"  class=\"panel-grid panel-has-style\" ><div class=\"siteorigin-panels-stretch panel-row-style panel-row-style-for-3760-3\" data-stretch-type=\"full-width-stretch\" ><div id=\"pgc-3760-3-0\"  class=\"panel-grid-cell\" ><div id=\"panel-3760-3-0-0\" class=\"so-panel widget widget_sow-cta panel-first-child panel-last-child\" data-index=\"5\" ><div class=\"panel-widget-style panel-widget-style-for-3760-3-0-0\" ><div\n\t\t\t\n\t\t\tclass=\"so-widget-sow-cta so-widget-sow-cta-default-dd4e4eed5ffb-3760\"\n\t\t\t\n\t\t><div\n\tclass=\"sow-cta-base\"\n\t>\n\t\n\t<div class=\"sow-cta-wrapper\">\n\n\t\t<div class=\"sow-cta-text\">\n\t\t\t\t\t\t\t<h4 class=\"sow-cta-title\">\n\t\t\t\t\tConsulenza iniziale gratuita e non vincolante\t\t\t\t<\/h4>\n\t\t\t\n\t\t\t\t\t\t\t<h4 class=\"sow-cta-subtitle\">\n\t\t\t\t\tIn qualit\u00e0 di wedding planner a Berlino, Potsdam, Brandeburgo e in tutta Europa, siamo sempre felici di rispondere alle tue domande e di realizzare personalmente i tuoi desideri. Non vediamo l'ora di vederti!\t\t\t\t<\/h4>\n\t\t\t\t\t<\/div>\n\n\t\t<div\n\t\t\t\n\t\t\tclass=\"so-widget-sow-button so-widget-sow-button-flat-9ed9a46a723d\"\n\t\t\t\n\t\t><div class=\"ow-button-base ow-button-align-center\"\n>\n\t\t\t<a\n\t\t\t\t\thref=\"https:\/\/www.hochzeitsplaner-brandenburg.berlin\/kontakt\/\"\n\t\t\t\t\tclass=\"sowb-button ow-icon-placement-left ow-button-hover\" \t>\n\t\t<span>\n\t\t\t\n\t\t\tRichiedi subito una consulenza iniziale gratuita e non vincolante\t\t<\/span>\n\t\t\t<\/a>\n\t<\/div>\n<\/div>\n\t<\/div>\n\n\t<\/div>\n<\/div><\/div><\/div><\/div><\/div><\/div><\/div>","protected":false},"excerpt":{"rendered":"<p>&nbsp; Dalla pianificazione parziale a quella completa, ti offriamo un servizio completo per il tuo giorno speciale. In questo modo la tua mente si liberer\u00e0 per cose pi\u00f9 importanti. Di seguito troverai una panoramica dei nostri servizi. Se ti manca qualcosa o hai richieste particolari, scrivici.<\/p>\n","protected":false},"author":1,"featured_media":3762,"parent":0,"menu_order":0,"comment_status":"closed","ping_status":"closed","template":"templates\/template-cover.php","meta":{"footnotes":""},"class_list":["post-3760","page","type-page","status-publish","has-post-thumbnail","hentry"],"aioseo_notices":[],"_links":{"self":[{"href":"https:\/\/www.hochzeitsplaner-brandenburg.berlin\/it\/wp-json\/wp\/v2\/pages\/3760","targetHints":{"allow":["GET"]}}],"collection":[{"href":"https:\/\/www.hochzeitsplaner-brandenburg.berlin\/it\/wp-json\/wp\/v2\/pages"}],"about":[{"href":"https:\/\/www.hochzeitsplaner-brandenburg.berlin\/it\/wp-json\/wp\/v2\/types\/page"}],"author":[{"embeddable":true,"href":"https:\/\/www.hochzeitsplaner-brandenburg.berlin\/it\/wp-json\/wp\/v2\/users\/1"}],"replies":[{"embeddable":true,"href":"https:\/\/www.hochzeitsplaner-brandenburg.berlin\/it\/wp-json\/wp\/v2\/comments?post=3760"}],"version-history":[{"count":2,"href":"https:\/\/www.hochzeitsplaner-brandenburg.berlin\/it\/wp-json\/wp\/v2\/pages\/3760\/revisions"}],"predecessor-version":[{"id":3855,"href":"https:\/\/www.hochzeitsplaner-brandenburg.berlin\/it\/wp-json\/wp\/v2\/pages\/3760\/revisions\/3855"}],"wp:featuredmedia":[{"embeddable":true,"href":"https:\/\/www.hochzeitsplaner-brandenburg.berlin\/it\/wp-json\/wp\/v2\/media\/3762"}],"wp:attachment":[{"href":"https:\/\/www.hochzeitsplaner-brandenburg.berlin\/it\/wp-json\/wp\/v2\/media?parent=3760"}],"curies":[{"name":"wp","href":"https:\/\/api.w.org\/{rel}","templated":true}]}}