{"id":3763,"date":"2024-03-05T10:09:37","date_gmt":"2024-03-05T09:09:37","guid":{"rendered":"https:\/\/www.hochzeitsplaner-brandenburg.berlin\/italien-wedding\/"},"modified":"2024-03-05T10:09:37","modified_gmt":"2024-03-05T09:09:37","slug":"italien-wedding","status":"publish","type":"page","link":"https:\/\/www.hochzeitsplaner-brandenburg.berlin\/it\/italien-wedding\/","title":{"rendered":"Italian Wedding"},"content":{"rendered":"<div id=\"pl-3763\"  class=\"panel-layout\" ><div id=\"pg-3763-0\"  class=\"panel-grid panel-no-style\" ><div id=\"pgc-3763-0-0\"  class=\"panel-grid-cell\" ><div id=\"panel-3763-0-0-0\" class=\"so-panel widget widget_lsow-heading panel-first-child panel-last-child\" data-index=\"0\" ><div\n\t\t\t\n\t\t\tclass=\"so-widget-lsow-heading so-widget-lsow-heading-default-c5296dd96cc2-3763\"\n\t\t\t\n\t\t><div class=\"lsow-heading lsow-style3 lsow-aligncenter \" ><h3 class=\"lsow-title\">Italian Wedding<\/h3><\/div><!-- .lsow-heading --><\/div><\/div><\/div><\/div><div id=\"pg-3763-1\"  class=\"panel-grid panel-no-style\" ><div id=\"pgc-3763-1-0\"  class=\"panel-grid-cell\" ><div id=\"panel-3763-1-0-0\" class=\"so-panel widget widget_media_video panel-first-child panel-last-child\" data-index=\"1\" ><div style=\"width:100%;\" class=\"wp-video\"><video class=\"wp-video-shortcode\" id=\"video-3763-1\" preload=\"metadata\" controls=\"controls\"><source type=\"video\/mp4\" src=\"https:\/\/www.hochzeitsplaner-brandenburg.berlin\/wp-content\/uploads\/2024\/03\/WhatsApp-Video-2024-03-25-at-09.40.16-1.mp4?_=1\" \/><source type=\"video\/mp4\" src=\"https:\/\/www.hochzeitsplaner-brandenburg.berlin\/wp-content\/uploads\/2024\/03\/WhatsApp-Video-2024-03-25-at-09.40.16-1.mp4?_=1\" \/><a href=\"https:\/\/www.hochzeitsplaner-brandenburg.berlin\/wp-content\/uploads\/2024\/03\/WhatsApp-Video-2024-03-25-at-09.40.16-1.mp4\">https:\/\/www.hochzeitsplaner-brandenburg.berlin\/wp-content\/uploads\/2024\/03\/WhatsApp-Video-2024-03-25-at-09.40.16-1.mp4<\/a><\/video><\/div><\/div><\/div><div id=\"pgc-3763-1-1\"  class=\"panel-grid-cell\" ><div id=\"panel-3763-1-1-0\" class=\"so-panel widget widget_media_video panel-first-child panel-last-child\" data-index=\"2\" ><div style=\"width:100%;\" class=\"wp-video\"><video class=\"wp-video-shortcode\" id=\"video-3763-2\" preload=\"metadata\" controls=\"controls\"><source type=\"video\/mp4\" src=\"https:\/\/www.hochzeitsplaner-brandenburg.berlin\/wp-content\/uploads\/2024\/03\/WhatsApp-Video-2024-03-25-at-09.40.16.mp4?_=2\" \/><source type=\"video\/mp4\" src=\"https:\/\/www.hochzeitsplaner-brandenburg.berlin\/wp-content\/uploads\/2024\/03\/WhatsApp-Video-2024-03-25-at-09.40.16.mp4?_=2\" \/><a href=\"https:\/\/www.hochzeitsplaner-brandenburg.berlin\/wp-content\/uploads\/2024\/03\/WhatsApp-Video-2024-03-25-at-09.40.16.mp4\">https:\/\/www.hochzeitsplaner-brandenburg.berlin\/wp-content\/uploads\/2024\/03\/WhatsApp-Video-2024-03-25-at-09.40.16.mp4<\/a><\/video><\/div><\/div><\/div><\/div><div id=\"pg-3763-2\"  class=\"panel-grid panel-no-style\" ><div id=\"pgc-3763-2-0\"  class=\"panel-grid-cell\" ><div id=\"panel-3763-2-0-0\" class=\"so-panel widget widget_media_video panel-first-child panel-last-child\" data-index=\"3\" ><div style=\"width:100%;\" class=\"wp-video\"><video class=\"wp-video-shortcode\" id=\"video-3763-3\" preload=\"metadata\" controls=\"controls\"><source type=\"video\/youtube\" src=\"https:\/\/www.youtube.com\/watch?v=cXjDEp2cTKw&#038;t=23s&#038;_=3\" \/><a href=\"https:\/\/www.youtube.com\/watch?v=cXjDEp2cTKw&#038;t=23s\">https:\/\/www.youtube.com\/watch?v=cXjDEp2cTKw&#038;t=23s<\/a><\/video><\/div><\/div><\/div><\/div><div id=\"pg-3763-3\"  class=\"panel-grid panel-no-style\" ><div id=\"pgc-3763-3-0\"  class=\"panel-grid-cell\" ><div id=\"panel-3763-3-0-0\" class=\"so-panel widget widget_sow-cta panel-first-child panel-last-child\" data-index=\"4\" ><div\n\t\t\t\n\t\t\tclass=\"so-widget-sow-cta so-widget-sow-cta-default-a23258021f70-3763\"\n\t\t\t\n\t\t><div\n\tclass=\"sow-cta-base\"\n\t>\n\t\n\t<div class=\"sow-cta-wrapper\">\n\n\t\t<div class=\"sow-cta-text\">\n\t\t\t\t\t\t\t<h4 class=\"sow-cta-title\">\n\t\t\t\t\tConsulenza iniziale gratuita e non vincolante - Kostenloses unverbindliches Erstgespr\u00e4ch\t\t\t\t<\/h4>\n\t\t\t\n\t\t\t\t\t\t\t<h4 class=\"sow-cta-subtitle\">\n\t\t\t\t\tSe avete domande o richieste, saremo lieti di assistervi personalmente in qualsiasi momento come wedding planner a Berlino, Potsdam, Brandeburgo e in tutta Europa. Non vediamo l'ora di vedervi! - F\u00fcr Fragen und W\u00fcnsche stehen wir Ihnen als Wedding Planner in Berlin, Potsdam, Brandenburg und europaweit jederzeit sehr gerne pers\u00f6nlich zur Verf\u00fcgung. Wir freuen uns auf Sie!\t\t\t\t<\/h4>\n\t\t\t\t\t<\/div>\n\n\t\t<div\n\t\t\t\n\t\t\tclass=\"so-widget-sow-button so-widget-sow-button-flat-e7453ea2ef14\"\n\t\t\t\n\t\t><div class=\"ow-button-base ow-button-align-center\"\n>\n\t\t\t<a\n\t\t\t\t\thref=\"https:\/\/www.hochzeitsplaner-brandenburg.berlin\/kontakt\/\"\n\t\t\t\t\tclass=\"sowb-button ow-icon-placement-left ow-button-hover\" \t>\n\t\t<span>\n\t\t\t\n\t\t\tFissate subito una prima consulenza gratuita e non vincolante - Jetzt kostenloses unverbindliches Erstgespr\u00e4ch vereinbaren\t\t<\/span>\n\t\t\t<\/a>\n\t<\/div>\n<\/div>\n\t<\/div>\n\n\t<\/div>\n<\/div><\/div><\/div><\/div><\/div>","protected":false},"excerpt":{"rendered":"<p>Italian Weddinghttps:\/\/www.hochzeitsplaner-brandenburg.berlin\/wp-content\/uploads\/2024\/03\/WhatsApp-Video-2024-03-25-at-09.40.16-1.mp4https:\/\/www.hochzeitsplaner-brandenburg.berlin\/wp-content\/uploads\/2024\/03\/WhatsApp-Video-2024-03-25-at-09.40.16.mp4https:\/\/www.youtube.com\/watch?v=cXjDEp2cTKw&#038;t=23s Consulenza iniziale gratuita e non vincolante &#8211; Kostenloses unverbindliches Erstgespr\u00e4ch Se avete domande o richieste, saremo lieti di assistervi personalmente in qualsiasi momento come wedding planner a Berlino, Potsdam, Brandeburgo e in tutta Europa. Non vediamo l&#8217;ora di vedervi! &#8211; F\u00fcr Fragen und W\u00fcnsche stehen wir Ihnen als Wedding Planner in Berlin, Potsdam,&hellip;<\/p>\n","protected":false},"author":2,"featured_media":3764,"parent":0,"menu_order":0,"comment_status":"closed","ping_status":"closed","template":"templates\/template-cover.php","meta":{"footnotes":""},"class_list":["post-3763","page","type-page","status-publish","has-post-thumbnail","hentry"],"aioseo_notices":[],"_links":{"self":[{"href":"https:\/\/www.hochzeitsplaner-brandenburg.berlin\/it\/wp-json\/wp\/v2\/pages\/3763","targetHints":{"allow":["GET"]}}],"collection":[{"href":"https:\/\/www.hochzeitsplaner-brandenburg.berlin\/it\/wp-json\/wp\/v2\/pages"}],"about":[{"href":"https:\/\/www.hochzeitsplaner-brandenburg.berlin\/it\/wp-json\/wp\/v2\/types\/page"}],"author":[{"embeddable":true,"href":"https:\/\/www.hochzeitsplaner-brandenburg.berlin\/it\/wp-json\/wp\/v2\/users\/2"}],"replies":[{"embeddable":true,"href":"https:\/\/www.hochzeitsplaner-brandenburg.berlin\/it\/wp-json\/wp\/v2\/comments?post=3763"}],"version-history":[{"count":0,"href":"https:\/\/www.hochzeitsplaner-brandenburg.berlin\/it\/wp-json\/wp\/v2\/pages\/3763\/revisions"}],"wp:featuredmedia":[{"embeddable":true,"href":"https:\/\/www.hochzeitsplaner-brandenburg.berlin\/it\/wp-json\/wp\/v2\/media\/3764"}],"wp:attachment":[{"href":"https:\/\/www.hochzeitsplaner-brandenburg.berlin\/it\/wp-json\/wp\/v2\/media?parent=3763"}],"curies":[{"name":"wp","href":"https:\/\/api.w.org\/{rel}","templated":true}]}}