{"id":3780,"date":"2020-02-11T15:28:57","date_gmt":"2020-02-11T14:28:57","guid":{"rendered":"https:\/\/www.hochzeitsplaner-brandenburg.berlin\/impronta\/"},"modified":"2026-03-13T11:12:13","modified_gmt":"2026-03-13T10:12:13","slug":"impronta","status":"publish","type":"page","link":"https:\/\/www.hochzeitsplaner-brandenburg.berlin\/it\/impronta\/","title":{"rendered":"Impronta"},"content":{"rendered":"<div id=\"pl-3780\"  class=\"panel-layout\" ><div id=\"pg-3780-0\"  class=\"panel-grid panel-no-style\" ><div id=\"pgc-3780-0-0\"  class=\"panel-grid-cell\" ><div id=\"panel-3780-0-0-0\" class=\"so-panel widget widget_text panel-first-child panel-last-child\" data-index=\"0\" >\t\t\t<div class=\"textwidget\"><p>Daniela Richter Hochzeitsplanung<br \/>\nun marchio di Falkensee Events GmbH<br \/>\nLeipziger Stra\u00dfe 58<br \/>\n14612 Falkensee<br \/>\nTelefono: <a href=\"tel:+491621317374\">0162 \/ 131 73 74<\/a><br \/>\nEmail: <a href=\"mailto:mail@daniela-richter-hochzeitsplanung.de\">mail@daniela-richter-hochzeitsplanung.de<\/a><br \/>\nCodice fiscale: 051 \/ 213 \/ 06338<\/p>\n<h4>Amministratore delegato autorizzato<\/h4>\n<p>Daniela Richter<\/p>\n<h4>Responsabile dei contenuti secondo il \u00a7 10, comma 3, MDStV<\/h4>\n<p>Daniela Richter<\/p>\n<h4>Esclusione di responsabilit\u00e0<\/h4>\n<p>Tutti i contenuti del nostro sito web sono stati accuratamente compilati e controllati. Nonostante la massima attenzione, non si pu\u00f2 assumere alcuna responsabilit\u00e0 o garanzia per la correttezza, la completezza e l&#8217;aggiornamento dei dati. Questo vale anche per tutti gli altri siti web a cui si fa riferimento tramite collegamenti ipertestuali. Non siamo responsabili del contenuto dei siti web a cui si accede tramite tali link. Ci riserviamo il diritto di apportare aggiornamenti, modifiche o aggiunte alle informazioni e ai dati forniti.<\/p>\n<h4>Link e riferimenti esterni<\/h4>\n<p>Nella sentenza del 12 maggio 1998, la Corte Regionale di Amburgo ha stabilito che l&#8217;inserimento di un link pu\u00f2 comportare la corresponsabilit\u00e0 per il contenuto della pagina collegata. Secondo la LG, questo pu\u00f2 essere evitato solo prendendo espressamente le distanze da questi contenuti. Sul nostro sito web abbiamo inserito dei link a siti Internet il cui contenuto e aggiornamento non sono soggetti alla sfera di influenza di Anja Mo Dittmer. Per tutti questi link vale quanto segue: Anja Mo Dittmer non ha alcuna influenza sul design e sui contenuti dei siti web esterni. Anja Mo Dittmer prende quindi le distanze da tutti i contenuti esterni, anche se un link \u00e8 stato inserito in queste pagine esterne da Anja Mo Dittmer. Questa dichiarazione si applica a tutti i link visualizzati sulle nostre homepage e a tutti i contenuti delle pagine a cui conducono i banner e i link registrati presso di noi.<\/p>\n<h4>Risoluzione delle controversie<\/h4>\n<p>La Commissione europea mette a disposizione una piattaforma per la risoluzione delle controversie online (OS): <a href=\"https:\/\/ec.europa.eu\/consumers\/odr\" target=\"_blank\" rel=\"noopener\">https:\/\/ec.europa.eu\/consumers\/odr.<\/a><br \/>\nIl nostro indirizzo e-mail \u00e8 riportato nella nota legale di cui sopra.<\/p>\n<p>Non siamo disposti o obbligati a partecipare a procedure di risoluzione delle controversie davanti a un collegio arbitrale dei consumatori.<\/p>\n<h4>Copyright<\/h4>\n<p>La struttura e i contenuti del sito sono protetti da copyright di Anja Mo Dittmer. La riproduzione di informazioni o dati, in particolare l&#8217;uso di testi, parti di testi o immagini, nonch\u00e9 l&#8217;uso di linee di codice del sito web richiedono il consenso preventivo.<\/p>\n<p>Nella misura in cui i contenuti di questo sito non sono stati creati dall&#8217;operatore, si rispettano i diritti d&#8217;autore di terzi. In particolare, i contenuti di terze parti sono etichettati come tali. Se tuttavia dovessi venire a conoscenza di una violazione del copyright, ti preghiamo di informarci di conseguenza. Se veniamo a conoscenza di eventuali violazioni legali, rimuoveremo immediatamente tali contenuti.<\/p>\n<h4>Informazioni sulla fonte e sul copyright<\/h4>\n<ul>\n<li>Miriam Kahlbusch: <a href=\"https:\/\/www.miriamkaulbarsch.de\/\" target=\"_blank\" rel=\"noopener\">Fotografia di matrimonio Fine Art a Berlino &#8211; Miriam Kaulbarsch Photography<\/a><\/li>\n<li>Lars Tolle Photography: <a href=\"https:\/\/larstolle-photography.de\/\" target=\"_blank\" rel=\"noopener\">Fotografo Lars Tolle &#8211; Premium Photo Reportages Neuruppin &#8211; \u25ba 2 Fotografi Team Neuruppin, Berlino, Usedom, R\u00fcgen \/\/ Matrimonio &#8211; Affari &#8211; Evento<\/a><\/li>\n<li>Sophie Weise -Mei\u00dfner: <a href=\"https:\/\/www.ganzinweise.com\/\" target=\"_blank\" rel=\"noopener\">Tutto in Weise &#8211; Fotografia<\/a><\/li>\n<li>Sabrina Wagner: <a href=\"https:\/\/eineliebelang.de\/\" target=\"_blank\" rel=\"noopener\">fotografa di matrimoni a Berlino &#8211; EineLiebeLang.de<\/a><\/li>\n<li>Wild Lights: <a href=\"https:\/\/wildlights-photography.com\/\" target=\"_blank\" rel=\"noopener\">wildlights-photography.com<\/a><\/li>\n<\/ul>\n<\/div>\n\t\t<\/div><\/div><\/div><\/div>","protected":false},"excerpt":{"rendered":"<p>Daniela Richter Hochzeitsplanung un marchio di Falkensee Events GmbH Leipziger Stra\u00dfe 58 14612 Falkensee Telefono: 0162 \/ 131 73 74 Email: mail@daniela-richter-hochzeitsplanung.de Codice fiscale: 051 \/ 213 \/ 06338 Amministratore delegato autorizzato Daniela Richter Responsabile dei contenuti secondo il \u00a7 10, comma 3, MDStV Daniela Richter Esclusione di responsabilit\u00e0 Tutti i contenuti del nostro sito&hellip;<\/p>\n","protected":false},"author":1,"featured_media":0,"parent":0,"menu_order":0,"comment_status":"closed","ping_status":"closed","template":"templates\/template-full-width.php","meta":{"footnotes":""},"class_list":["post-3780","page","type-page","status-publish","hentry"],"aioseo_notices":[],"_links":{"self":[{"href":"https:\/\/www.hochzeitsplaner-brandenburg.berlin\/it\/wp-json\/wp\/v2\/pages\/3780","targetHints":{"allow":["GET"]}}],"collection":[{"href":"https:\/\/www.hochzeitsplaner-brandenburg.berlin\/it\/wp-json\/wp\/v2\/pages"}],"about":[{"href":"https:\/\/www.hochzeitsplaner-brandenburg.berlin\/it\/wp-json\/wp\/v2\/types\/page"}],"author":[{"embeddable":true,"href":"https:\/\/www.hochzeitsplaner-brandenburg.berlin\/it\/wp-json\/wp\/v2\/users\/1"}],"replies":[{"embeddable":true,"href":"https:\/\/www.hochzeitsplaner-brandenburg.berlin\/it\/wp-json\/wp\/v2\/comments?post=3780"}],"version-history":[{"count":1,"href":"https:\/\/www.hochzeitsplaner-brandenburg.berlin\/it\/wp-json\/wp\/v2\/pages\/3780\/revisions"}],"predecessor-version":[{"id":4363,"href":"https:\/\/www.hochzeitsplaner-brandenburg.berlin\/it\/wp-json\/wp\/v2\/pages\/3780\/revisions\/4363"}],"wp:attachment":[{"href":"https:\/\/www.hochzeitsplaner-brandenburg.berlin\/it\/wp-json\/wp\/v2\/media?parent=3780"}],"curies":[{"name":"wp","href":"https:\/\/api.w.org\/{rel}","templated":true}]}}